{"id":334,"date":"2020-03-25T11:15:03","date_gmt":"2020-03-25T10:15:03","guid":{"rendered":"https:\/\/www.bernard-taxi.com\/?page_id=334"},"modified":"2020-03-25T11:16:55","modified_gmt":"2020-03-25T10:16:55","slug":"bike-montain-bike-transfert","status":"publish","type":"page","link":"https:\/\/www.bernard-taxi.com\/en\/bike-montain-bike-transfert\/","title":{"rendered":"Bike \/ Montain Bike Transfert"},"content":{"rendered":"\n<style type=\"text\/css\" data-created_by=\"avia_inline_auto\" id=\"style-css-av-k69h15s1-fa8002bee26848b3928b843c9a528a40\">\n.avia-section.av-k69h15s1-fa8002bee26848b3928b843c9a528a40{\nbackground-repeat:no-repeat;\nbackground-image:url(https:\/\/www.bernard-taxi.com\/wp-content\/uploads\/2020\/02\/sport-3730211_1920.jpg);\nbackground-position:0% 100%;\nbackground-attachment:scroll;\n}\n<\/style>\n<div id='av_section_1'  class='avia-section av-k69h15s1-fa8002bee26848b3928b843c9a528a40 main_color avia-section-default avia-no-border-styling  avia-builder-el-0  avia-builder-el-no-sibling  avia-full-stretch avia-bg-style-scroll av-minimum-height av-minimum-height-100 av-height-100  container_wrap fullsize'  data-section-bg-repeat='stretch' data-av_minimum_height_pc='100' data-av_min_height_opt='100'><div class='container av-section-cont-open' ><main  role=\"main\" itemprop=\"mainContentOfPage\"  class='template-page content  av-content-full alpha units'><div class='post-entry post-entry-type-page post-entry-334'><div class='entry-content-wrapper clearfix'>\n\n<style type=\"text\/css\" data-created_by=\"avia_inline_auto\" id=\"style-css-av-12ba6-95c41af5c6645fa96495db358d91164f\">\n.flex_column.av-12ba6-95c41af5c6645fa96495db358d91164f{\nborder-radius:0px 0px 0px 0px;\npadding:20px 20px 20px 20px;\nbackground-color:rgba(255,255,255,0.85);\n}\n<\/style>\n<div  class='flex_column av-12ba6-95c41af5c6645fa96495db358d91164f av_three_fifth  avia-builder-el-1  el_before_av_two_fifth  avia-builder-el-first  first flex_column_div  '     ><p>\n<style type=\"text\/css\" data-created_by=\"avia_inline_auto\" id=\"style-css-av-av_heading-3a5c4b2f1581bbb078b5fdbb4b5eebab\">\n#top .av-special-heading.av-av_heading-3a5c4b2f1581bbb078b5fdbb4b5eebab{\npadding-bottom:10px;\nfont-size:28px;\n}\nbody .av-special-heading.av-av_heading-3a5c4b2f1581bbb078b5fdbb4b5eebab .av-special-heading-tag .heading-char{\nfont-size:25px;\n}\n#top #wrap_all .av-special-heading.av-av_heading-3a5c4b2f1581bbb078b5fdbb4b5eebab .av-special-heading-tag{\nfont-size:28px;\n}\n.av-special-heading.av-av_heading-3a5c4b2f1581bbb078b5fdbb4b5eebab .av-subheading{\nfont-size:15px;\n}\n\n@media only screen and (min-width: 480px) and (max-width: 767px){ \n#top #wrap_all .av-special-heading.av-av_heading-3a5c4b2f1581bbb078b5fdbb4b5eebab .av-special-heading-tag{\nfont-size:0.8em;\n}\n}\n\n@media only screen and (max-width: 479px){ \n#top #wrap_all .av-special-heading.av-av_heading-3a5c4b2f1581bbb078b5fdbb4b5eebab .av-special-heading-tag{\nfont-size:0.8em;\n}\n}\n<\/style>\n<div  class='av-special-heading av-av_heading-3a5c4b2f1581bbb078b5fdbb4b5eebab av-special-heading-h1 blockquote modern-quote  avia-builder-el-2  el_before_av_textblock  avia-builder-el-first  av-inherit-size'><h1 class='av-special-heading-tag '  itemprop=\"headline\"  > Bike \/ Montain Bike Transfert<\/h1><div class=\"special-heading-border\"><div class=\"special-heading-inner-border\"><\/div><\/div><\/div><br \/>\n<section  class='av_textblock_section av-k69h71j3-eca0f2d59f625431fa536e29e26f9bff '   itemscope=\"itemscope\" itemtype=\"https:\/\/schema.org\/CreativeWork\" ><div class='avia_textblock'  itemprop=\"text\" ><div class=\"n module-type-text diyfeLiveArea \">\n<p><strong>Repatriation of persons with biks\/Montain<\/strong><\/p>\n<p><strong>For the cycle lovers<\/strong> (road bikes, classic cycles, electric bikes, MTB), the region is particularly rich of scenic little roads, pathway and others.<\/p>\n<p>Towns and villages offer a <strong>rich heritage<\/strong> and several solutions of lodging for almost every budgets.<\/p>\n<p>It is easy to prepare a personalised journey of several steps according to your abilities and hobbies or to simply follow the &#8220;<strong>Chemin de Compostelle<\/strong>&#8221; by roads or by directly taking the pilgrim&#8217;s way by the GR65 and\/or its variants around Figeac (Classic MTB or electric advised).<\/p>\n<p>We can organize either your drop off on your future arrival point with your bikes, or organize your return to your starting point.<\/p>\n<p>Possibility of baggage&#8217;s transport (same for pilgrims)<\/p>\n<p>Possibility to supply you pieces (tyres, derailleur ect) in the event of a problem on the next step and possibility of renting : VTC bikes, MTB and electric MTB in some area.<\/p>\n<p><strong>Don&#8217;t hesitate to consult us for advices and fares.<\/strong><\/p>\n<p>Example: MTB hike of 2 days &#8220;Figeac- Cahors par la Vall\u00e9e du C\u00e9l\u00e9&#8221; with passage on the famous village of Saint Cirq Lapopie : around 106 km (+1500m of difference in height or level : experienced bikers)<\/p>\n<p>Flat rate for 1 transfer on lodging (choice) of the 6 baggages + return journey Cahors-Figeac of the 6 persons with MTB and baggages = 174\u20ac so 29\u20ac by person (without lodging).<\/p>\n<\/div>\n<\/div><\/section><\/p><\/div>\n<style type=\"text\/css\" data-created_by=\"avia_inline_auto\" id=\"style-css-av-12ba6-9756c79946adf406b5417add75009149\">\n.flex_column.av-12ba6-9756c79946adf406b5417add75009149{\nborder-radius:0px 0px 0px 0px;\npadding:20px 20px 20px 20px;\nbackground-color:rgba(255,255,255,0.85);\n}\n<\/style>\n<div  class='flex_column av-12ba6-9756c79946adf406b5417add75009149 av_two_fifth  avia-builder-el-4  el_after_av_three_fifth  avia-builder-el-last  flex_column_div  '     ><p>\n<style type=\"text\/css\" data-created_by=\"avia_inline_auto\" id=\"style-css-av-k6s0msln-a5d4218a8efc8a39984925961c004b99\">\n.avia-image-container.av-k6s0msln-a5d4218a8efc8a39984925961c004b99 img.avia_image{\nbox-shadow:none;\n}\n.avia-image-container.av-k6s0msln-a5d4218a8efc8a39984925961c004b99 .av-image-caption-overlay-center{\ncolor:#ffffff;\n}\n<\/style>\n<div  class='avia-image-container av-k6s0msln-a5d4218a8efc8a39984925961c004b99 av-styling- avia-align-center  avia-builder-el-5  el_before_av_notification  avia-builder-el-first '   itemprop=\"image\" itemscope=\"itemscope\" itemtype=\"https:\/\/schema.org\/ImageObject\" ><div class=\"avia-image-container-inner\"><div class=\"avia-image-overlay-wrap\"><img fetchpriority=\"high\" class='wp-image-316 avia-img-lazy-loading-not-316 avia_image ' src='https:\/\/www.bernard-taxi.com\/wp-content\/uploads\/2020\/02\/cycling-1533265_1920.jpg' alt='' title='cycling-1533265_1920'  height=\"1078\" width=\"1920\"  itemprop=\"thumbnailUrl\"  \/><\/div><\/div><\/div><br \/>\n\n<style type=\"text\/css\" data-created_by=\"avia_inline_auto\" id=\"style-css-av-k69h8a9d-af45730c2e0419517d5d54514c1944c7\">\n.avia_message_box.av-k69h8a9d-af45730c2e0419517d5d54514c1944c7{\nbackground-color:#e0b712;\ncolor:#000000;\n}\n<\/style>\n<div id='avia-messagebox-' class='avia_message_box av_notification av-k69h8a9d-af45730c2e0419517d5d54514c1944c7 avia-color-custom avia-size-large avia-icon_select-yes avia-border-  avia-builder-el-6  el_after_av_image  avia-builder-el-last ' ><span class='avia_message_box_title' >Contactez-us<\/span><div class=\"avia_message_box_content\"><span class='avia_message_box_icon' aria-hidden='true' data-av_icon='\ue83c' data-av_iconfont='entypo-fontello'><\/span><p>BERNARD TAXI FIGEAC : +33 5 65 50 00 20<\/p>\n<\/div><\/div><\/p><\/div>\n","protected":false},"excerpt":{"rendered":"","protected":false},"author":1,"featured_media":0,"parent":0,"menu_order":0,"comment_status":"closed","ping_status":"closed","template":"","meta":{"footnotes":""},"class_list":["post-334","page","type-page","status-publish","hentry"],"_links":{"self":[{"href":"https:\/\/www.bernard-taxi.com\/en\/wp-json\/wp\/v2\/pages\/334","targetHints":{"allow":["GET"]}}],"collection":[{"href":"https:\/\/www.bernard-taxi.com\/en\/wp-json\/wp\/v2\/pages"}],"about":[{"href":"https:\/\/www.bernard-taxi.com\/en\/wp-json\/wp\/v2\/types\/page"}],"author":[{"embeddable":true,"href":"https:\/\/www.bernard-taxi.com\/en\/wp-json\/wp\/v2\/users\/1"}],"replies":[{"embeddable":true,"href":"https:\/\/www.bernard-taxi.com\/en\/wp-json\/wp\/v2\/comments?post=334"}],"version-history":[{"count":4,"href":"https:\/\/www.bernard-taxi.com\/en\/wp-json\/wp\/v2\/pages\/334\/revisions"}],"predecessor-version":[{"id":337,"href":"https:\/\/www.bernard-taxi.com\/en\/wp-json\/wp\/v2\/pages\/334\/revisions\/337"}],"wp:attachment":[{"href":"https:\/\/www.bernard-taxi.com\/en\/wp-json\/wp\/v2\/media?parent=334"}],"curies":[{"name":"wp","href":"https:\/\/api.w.org\/{rel}","templated":true}]}}