{"id":217,"date":"2020-03-25T10:54:44","date_gmt":"2020-03-25T09:54:44","guid":{"rendered":"https:\/\/www.bernard-taxi.com\/?page_id=217"},"modified":"2020-03-25T12:47:10","modified_gmt":"2020-03-25T11:47:10","slug":"zuhause","status":"publish","type":"page","link":"https:\/\/www.bernard-taxi.com\/de\/","title":{"rendered":"Zuhause"},"content":{"rendered":"\n<style type=\"text\/css\" data-created_by=\"avia_inline_auto\" id=\"style-css-av-k5nqkjan-c116961ec120d59b809dbc021fca3129\">\n.avia-section.av-k5nqkjan-c116961ec120d59b809dbc021fca3129{\nbackground-repeat:no-repeat;\nbackground-image:url(https:\/\/www.bernard-taxi.com\/wp-content\/uploads\/2020\/01\/landscape-3127859_1920.jpg);\nbackground-position:50% 0%;\nbackground-attachment:scroll;\n}\n<\/style>\n<div id='av_section_1'  class='avia-section av-k5nqkjan-c116961ec120d59b809dbc021fca3129 main_color avia-section-default avia-no-border-styling  avia-builder-el-0  avia-builder-el-no-sibling  avia-full-stretch avia-bg-style-scroll av-minimum-height av-minimum-height-100 av-height-100  container_wrap fullsize'  data-section-bg-repeat='stretch' data-av_minimum_height_pc='100' data-av_min_height_opt='100'><div class='container av-section-cont-open' ><main  role=\"main\" itemprop=\"mainContentOfPage\"  class='template-page content  av-content-full alpha units'><div class='post-entry post-entry-type-page post-entry-217'><div class='entry-content-wrapper clearfix'>\n<div class='flex_column_table av-12ba6-030abe7b6a8dfd0bd0d3425c4fe5d8c9 sc-av_three_fifth av-equal-height-column-flextable'>\n<style type=\"text\/css\" data-created_by=\"avia_inline_auto\" id=\"style-css-av-12ba6-030abe7b6a8dfd0bd0d3425c4fe5d8c9\">\n.flex_column.av-12ba6-030abe7b6a8dfd0bd0d3425c4fe5d8c9{\nborder-radius:0px 0px 0px 0px;\npadding:20px 20px 20px 20px;\nbackground-color:rgba(255,255,255,0.85);\n}\n<\/style>\n<div  class='flex_column av-12ba6-030abe7b6a8dfd0bd0d3425c4fe5d8c9 av_three_fifth  avia-builder-el-1  el_before_av_two_fifth  avia-builder-el-first  first flex_column_table_cell av-equal-height-column av-align-middle  '     ><p>\n<style type=\"text\/css\" data-created_by=\"avia_inline_auto\" id=\"style-css-av-av_heading-c7f6c68297e0219f3bf94ebfb85a6834\">\n#top .av-special-heading.av-av_heading-c7f6c68297e0219f3bf94ebfb85a6834{\npadding-bottom:10px;\n}\nbody .av-special-heading.av-av_heading-c7f6c68297e0219f3bf94ebfb85a6834 .av-special-heading-tag .heading-char{\nfont-size:25px;\n}\n.av-special-heading.av-av_heading-c7f6c68297e0219f3bf94ebfb85a6834 .av-subheading{\nfont-size:15px;\n}\n<\/style>\n<div  class='av-special-heading av-av_heading-c7f6c68297e0219f3bf94ebfb85a6834 av-special-heading-h1  avia-builder-el-2  el_before_av_textblock  avia-builder-el-first '><h1 class='av-special-heading-tag '  itemprop=\"headline\"  >Bernard Taxi, im LOT und bei FIGEAC (46)<\/h1><div class=\"special-heading-border\"><div class=\"special-heading-inner-border\"><\/div><\/div><\/div><br \/>\n<section  class='av_textblock_section av-k69h71j3-eca0f2d59f625431fa536e29e26f9bff '   itemscope=\"itemscope\" itemtype=\"https:\/\/schema.org\/CreativeWork\" ><div class='avia_textblock'  itemprop=\"text\" ><p>Egal, ob Sie Einzelpersonen, Gesch\u00e4ftsleute, Vereine, Pilger, Wanderer oder Urlauber sind, wir stehen Ihnen f\u00fcr alle Ihre privaten oder beruflichen Reisen und Reservierungen zur Verf\u00fcgung.<\/p>\n<p>Wir hei\u00dfen Sie gerne willkommen, um Sie \u00fcber alle Entfernungen unter den besten Bedingungen des Komforts zu transportieren. Warum entdecken Sie nicht diese wundersch\u00f6ne Region?<\/p>\n<\/div><\/section><br \/>\n<section  class='av_textblock_section av-k69helfs-520aeb9db94fa792d31931ec0130865a '   itemscope=\"itemscope\" itemtype=\"https:\/\/schema.org\/CreativeWork\" ><div class='avia_textblock'  itemprop=\"text\" ><p>Auf dem Weg nach Santiago de Compostela bieten wir Pilgerr\u00fcckgabe und -transfer sowie Transport \/ Transfer von Gep\u00e4ck und Gep\u00e4ck an.<\/p>\n<p>Mit Sitz in Figeac sind wir ideal positioniert, um Sie in den GR 65-Sektor sowie in die Varianten &#8222;Vall\u00e9e du C\u00e9l\u00e9&#8220; (GR651) und &#8222;Rocamadour&#8220; (GR6) zu transportieren.<\/p>\n<\/div><\/section><\/p><\/div><div class='av-flex-placeholder'><\/div>\n<style type=\"text\/css\" data-created_by=\"avia_inline_auto\" id=\"style-css-av-12ba6-9756c79946adf406b5417add75009149\">\n.flex_column.av-12ba6-9756c79946adf406b5417add75009149{\nborder-radius:0px 0px 0px 0px;\npadding:20px 20px 20px 20px;\nbackground-color:rgba(255,255,255,0.85);\n}\n<\/style>\n<div  class='flex_column av-12ba6-9756c79946adf406b5417add75009149 av_two_fifth  avia-builder-el-5  el_after_av_three_fifth  el_before_av_hr  flex_column_table_cell av-equal-height-column av-align-middle  '     ><p>\n<style type=\"text\/css\" data-created_by=\"avia_inline_auto\" id=\"style-css-av-k69hcq4a-5fc713d03337875aa572fc69ec355061\">\n.avia-image-container.av-k69hcq4a-5fc713d03337875aa572fc69ec355061 img.avia_image{\nbox-shadow:none;\n}\n.avia-image-container.av-k69hcq4a-5fc713d03337875aa572fc69ec355061 .av-image-caption-overlay-center{\ncolor:#ffffff;\n}\n<\/style>\n<div  class='avia-image-container av-k69hcq4a-5fc713d03337875aa572fc69ec355061 av-styling- avia-align-center  avia-builder-el-6  el_before_av_notification  avia-builder-el-first '   itemprop=\"image\" itemscope=\"itemscope\" itemtype=\"https:\/\/schema.org\/ImageObject\" ><div class=\"avia-image-container-inner\"><div class=\"avia-image-overlay-wrap\"><img fetchpriority=\"high\" class='wp-image-320 avia-img-lazy-loading-not-320 avia_image ' src='https:\/\/www.bernard-taxi.com\/wp-content\/uploads\/2020\/02\/taxi-figeac-00.jpg' alt='' title='Volkswagen Sharan (7 places)'  height=\"600\" width=\"800\"  itemprop=\"thumbnailUrl\"  \/><\/div><\/div><\/div><br \/>\n\n<style type=\"text\/css\" data-created_by=\"avia_inline_auto\" id=\"style-css-av-k69h8a9d-c65c3d3628da96ee51ef73722bf46d91\">\n.avia_message_box.av-k69h8a9d-c65c3d3628da96ee51ef73722bf46d91{\nbackground-color:#e0b712;\ncolor:#000000;\n}\n<\/style>\n<div id='avia-messagebox-' class='avia_message_box av_notification av-k69h8a9d-c65c3d3628da96ee51ef73722bf46d91 avia-color-custom avia-size-large avia-icon_select-yes avia-border-  avia-builder-el-7  el_after_av_image  avia-builder-el-last ' ><span class='avia_message_box_title' >Kontaktieren Sie uns<\/span><div class=\"avia_message_box_content\"><span class='avia_message_box_icon' aria-hidden='true' data-av_icon='\ue83c' data-av_iconfont='entypo-fontello'><\/span><p>BERNARD TAXI FIGEAC : +33 5 65 50 00 20<\/p>\n<\/div><\/div><\/p><\/div><\/div><!--close column table wrapper. Autoclose: 1 -->\n<style type=\"text\/css\" data-created_by=\"avia_inline_auto\" id=\"style-css-av-k6s481q5-c345aa75a687f8772e615b4af322d2ab\">\n#top .hr.hr-invisible.av-k6s481q5-c345aa75a687f8772e615b4af322d2ab{\nheight:50px;\n}\n<\/style>\n<div  class='hr av-k6s481q5-c345aa75a687f8772e615b4af322d2ab hr-invisible  avia-builder-el-8  el_after_av_two_fifth  el_before_av_one_fourth '><span class='hr-inner '><span class=\"hr-inner-style\"><\/span><\/span><\/div>\n\n<style type=\"text\/css\" data-created_by=\"avia_inline_auto\" id=\"style-css-av-2psox-367745e28d4a7d72f09b22433f99a66c\">\n.flex_column.av-2psox-367745e28d4a7d72f09b22433f99a66c{\nborder-radius:0px 0px 0px 0px;\npadding:0px 0px 0px 0px;\n}\n<\/style>\n<div  class='flex_column av-2psox-367745e28d4a7d72f09b22433f99a66c av_one_fourth  avia-builder-el-9  el_after_av_hr  el_before_av_one_fourth  first flex_column_div av-zero-column-padding  '     ><article  class='iconbox iconbox_top av-k6s41sve-01a4ea08f9e6ab64d0a97aef97364f07  avia-builder-el-10  avia-builder-el-no-sibling  main_color'  itemscope=\"itemscope\" itemtype=\"https:\/\/schema.org\/CreativeWork\" ><div class=\"iconbox_content\"><header class=\"entry-content-header\" aria-label=\"Icon: Taxi in Figeac, im Lot\"><div class=\"iconbox_icon heading-color\" aria-hidden='true' data-av_icon='\ue82b' data-av_iconfont='entypo-fontello'><\/div><h3 class='iconbox_content_title '  itemprop=\"headline\" ><a href='https:\/\/www.bernard-taxi.com\/de\/dienste-taxi\/' title='Taxi in Figeac, im Lot'  >Taxi in Figeac, im Lot<\/a><\/h3><\/header><div class='iconbox_content_container '  itemprop=\"text\" ><p><a href=\"https:\/\/www.bernard-taxi.com\/de\/dienste-taxi\/\">Entdecken Sie unser Taxi und unseren Personenverkehr<\/a><\/p>\n<\/div><\/div><footer class=\"entry-footer\"><\/footer><\/article><\/div>\n<style type=\"text\/css\" data-created_by=\"avia_inline_auto\" id=\"style-css-av-2d3ft-7ef8b8c1ab84a38e393984e003452a30\">\n.flex_column.av-2d3ft-7ef8b8c1ab84a38e393984e003452a30{\nborder-radius:0px 0px 0px 0px;\npadding:0px 0px 0px 0px;\n}\n<\/style>\n<div  class='flex_column av-2d3ft-7ef8b8c1ab84a38e393984e003452a30 av_one_fourth  avia-builder-el-11  el_after_av_one_fourth  el_before_av_one_fourth  flex_column_div av-zero-column-padding  '     ><article  class='iconbox iconbox_top av-k6s41sve-f104da80a3a07f3b246b75eb3b40a4a7  avia-builder-el-12  avia-builder-el-no-sibling  main_color'  itemscope=\"itemscope\" itemtype=\"https:\/\/schema.org\/CreativeWork\" ><div class=\"iconbox_content\"><header class=\"entry-content-header\" aria-label=\"Icon: Transport von Pilgern und Wanderern\"><div class=\"iconbox_icon heading-color\" aria-hidden='true' data-av_icon='\ue806' data-av_iconfont='entypo-fontello'><\/div><h3 class='iconbox_content_title '  itemprop=\"headline\" ><a href='https:\/\/www.bernard-taxi.com\/de\/jakobspilgerweg-und-befoerderung-von-laeufern-weg-st-jacques-de-compostelle\/' title='Transport von Pilgern und Wanderern'  >Transport von Pilgern und Wanderern<\/a><\/h3><\/header><div class='iconbox_content_container '  itemprop=\"text\" ><p><a href=\"https:\/\/www.bernard-taxi.com\/de\/jakobspilgerweg-und-befoerderung-von-laeufern-weg-st-jacques-de-compostelle\/\">M\u00f6chten Sie zu einer bestimmten Phase gehen? zu besuchen?<\/a><\/p>\n<\/div><\/div><footer class=\"entry-footer\"><\/footer><\/article><\/div>\n<style type=\"text\/css\" data-created_by=\"avia_inline_auto\" id=\"style-css-av-1iy6d-06ed3fd64dfb9a21761751557ae1c1fb\">\n.flex_column.av-1iy6d-06ed3fd64dfb9a21761751557ae1c1fb{\nborder-radius:0px 0px 0px 0px;\npadding:0px 0px 0px 0px;\n}\n<\/style>\n<div  class='flex_column av-1iy6d-06ed3fd64dfb9a21761751557ae1c1fb av_one_fourth  avia-builder-el-13  el_after_av_one_fourth  el_before_av_one_fourth  flex_column_div av-zero-column-padding  '     ><article  class='iconbox iconbox_top av-k6s41sve-56c49142700486e75b1c95ebddd5da00  avia-builder-el-14  avia-builder-el-no-sibling  main_color'  itemscope=\"itemscope\" itemtype=\"https:\/\/schema.org\/CreativeWork\" ><div class=\"iconbox_content\"><header class=\"entry-content-header\" aria-label=\"Icon: Transport von Gep\u00e4ck und Taschen\"><div class=\"iconbox_icon heading-color\" aria-hidden='true' data-av_icon='\ue8bc' data-av_iconfont='entypo-fontello'><\/div><h3 class='iconbox_content_title '  itemprop=\"headline\" ><a href='https:\/\/www.bernard-taxi.com\/de\/transport-transfer-von-gepaeck-tasche-kompostelle\/' title='Transport von Gep\u00e4ck und Taschen'  >Transport von Gep\u00e4ck und Taschen<\/a><\/h3><\/header><div class='iconbox_content_container '  itemprop=\"text\" ><p><a href=\"https:\/\/www.bernard-taxi.com\/de\/transport-transfer-von-gepaeck-tasche-kompostelle\/\">Entdecken Sie unseren Gep\u00e4ck- und Gep\u00e4cktransportservice und gehen Sie leicht!<\/a><\/p>\n<\/div><\/div><footer class=\"entry-footer\"><\/footer><\/article><\/div>\n<style type=\"text\/css\" data-created_by=\"avia_inline_auto\" id=\"style-css-av-11ln1-2656b087acb7dbf32abf2d14456b021a\">\n.flex_column.av-11ln1-2656b087acb7dbf32abf2d14456b021a{\nborder-radius:0px 0px 0px 0px;\npadding:0px 0px 0px 0px;\n}\n<\/style>\n<div  class='flex_column av-11ln1-2656b087acb7dbf32abf2d14456b021a av_one_fourth  avia-builder-el-15  el_after_av_one_fourth  avia-builder-el-last  flex_column_div av-zero-column-padding  '     ><article  class='iconbox iconbox_top av-k6s41sve-acb9ab0c35d39b43d9517c81c290fa68  avia-builder-el-16  avia-builder-el-no-sibling  main_color'  itemscope=\"itemscope\" itemtype=\"https:\/\/schema.org\/CreativeWork\" ><div class=\"iconbox_content\"><header class=\"entry-content-header\" aria-label=\"Icon: Ausfl\u00fcge\"><div class=\"iconbox_icon heading-color\" aria-hidden='true' data-av_icon='\ue80f' data-av_iconfont='entypo-fontello'><\/div><h3 class='iconbox_content_title '  itemprop=\"headline\" ><a href='https:\/\/www.bernard-taxi.com\/de\/ausfluege\/' title='Ausfl\u00fcge'  >Ausfl\u00fcge<\/a><\/h3><\/header><div class='iconbox_content_container '  itemprop=\"text\" ><p><a href=\"https:\/\/www.bernard-taxi.com\/de\/ausfluege\/\">Nutzen Sie unsere Erfahrung, um die sch\u00f6nsten Sehensw\u00fcrdigkeiten in Lot und Aveyron zu besuchen<\/a><\/p>\n<\/div><\/div><footer class=\"entry-footer\"><\/footer><\/article><\/div>\n","protected":false},"excerpt":{"rendered":"","protected":false},"author":1,"featured_media":0,"parent":0,"menu_order":0,"comment_status":"closed","ping_status":"closed","template":"","meta":{"footnotes":""},"class_list":["post-217","page","type-page","status-publish","hentry"],"_links":{"self":[{"href":"https:\/\/www.bernard-taxi.com\/de\/wp-json\/wp\/v2\/pages\/217","targetHints":{"allow":["GET"]}}],"collection":[{"href":"https:\/\/www.bernard-taxi.com\/de\/wp-json\/wp\/v2\/pages"}],"about":[{"href":"https:\/\/www.bernard-taxi.com\/de\/wp-json\/wp\/v2\/types\/page"}],"author":[{"embeddable":true,"href":"https:\/\/www.bernard-taxi.com\/de\/wp-json\/wp\/v2\/users\/1"}],"replies":[{"embeddable":true,"href":"https:\/\/www.bernard-taxi.com\/de\/wp-json\/wp\/v2\/comments?post=217"}],"version-history":[{"count":4,"href":"https:\/\/www.bernard-taxi.com\/de\/wp-json\/wp\/v2\/pages\/217\/revisions"}],"predecessor-version":[{"id":445,"href":"https:\/\/www.bernard-taxi.com\/de\/wp-json\/wp\/v2\/pages\/217\/revisions\/445"}],"wp:attachment":[{"href":"https:\/\/www.bernard-taxi.com\/de\/wp-json\/wp\/v2\/media?parent=217"}],"curies":[{"name":"wp","href":"https:\/\/api.w.org\/{rel}","templated":true}]}}